{"id":3697,"date":"2023-03-29T15:10:33","date_gmt":"2023-03-29T15:10:33","guid":{"rendered":"http:\/\/beleganttnewwebsite.local\/?page_id=3697"},"modified":"2024-10-15T15:17:05","modified_gmt":"2024-10-15T15:17:05","slug":"estrategia-digital","status":"publish","type":"page","link":"https:\/\/belegantt.com\/es\/estrategia-digital\/","title":{"rendered":"Estrategia Digital"},"content":{"rendered":"\n<div class=\"wp-block-uagb-container uagb-block-eeb38c53 alignfull uagb-is-root-container\"><div class=\"uagb-container-inner-blocks-wrap\">\n<div class=\"wp-block-uagb-container uagb-block-7bb25f48\">\n<div class=\"wp-block-uagb-advanced-heading uagb-block-c57ba2ae\"><p class=\"uagb-desc-text\">Servicios<\/p><div class=\"uagb-separator\"><\/div><h2 class=\"uagb-heading-text\">ESTRATEGIA DIGITAL<\/h2><\/div>\n<\/div>\n<\/div><\/div>\n\n\n\n<div style=\"height:100px\" aria-hidden=\"true\" class=\"wp-block-spacer\"><\/div>\n\n\n\n<div class=\"wp-block-uagb-container uagb-block-5a4ac275 alignfull uagb-is-root-container\"><div class=\"uagb-container-inner-blocks-wrap\">\n<div class=\"wp-block-uagb-advanced-heading uagb-block-4ab01277\"><h2 class=\"uagb-heading-text\">\u00bfC\u00f3mo llegar a sus clientes m\u00e1s valiosos de la manera m\u00e1s efectiva?<\/h2><div class=\"uagb-separator\"><\/div><\/div>\n<\/div><\/div>\n\n\n\n<div style=\"height:50px\" aria-hidden=\"true\" class=\"wp-block-spacer\"><\/div>\n\n\n\n<div class=\"wp-block-uagb-container uagb-block-ca4d818f alignfull uagb-is-root-container\"><div class=\"uagb-container-inner-blocks-wrap\">\n<main class=\"wp-block-uagb-container uagb-block-96bf7f00\">\n<p style=\"padding-top:0;padding-right:var(--wp--preset--spacing--60);padding-bottom:0;padding-left:var(--wp--preset--spacing--60)\">El dise\u00f1o de una estrategia de marketing digital es cr\u00edtico. Sin una elaboraci\u00f3n apropiada y a medida para su negocio, el viaje puede estar lleno de obst\u00e1culos. La tecnolog\u00eda cambia constantemente. Las personas est\u00e1n encontrando formas nuevas y m\u00e1s r\u00e1pidas de conectarse con el mundo que les rodea. Los consumidores tienen el control y son cada vez m\u00e1s exigentes con aquello a lo que prestan atenci\u00f3n.<\/p>\n\n\n\n<p style=\"padding-top:0;padding-right:var(--wp--preset--spacing--60);padding-bottom:0;padding-left:var(--wp--preset--spacing--60)\">Hoy aqu\u00ed, ma\u00f1ana irrelevante. Todo este cambio hace que sea dif\u00edcil seguir el ritmo del comportamiento de las personas. Es importante que su empresa identifique qu\u00e9 canales<br>son mejores y c\u00f3mo llegar a sus<br>p\u00fablicos objetivos.<\/p>\n\n\n\n<p style=\"padding-top:0;padding-right:var(--wp--preset--spacing--60);padding-bottom:0;padding-left:var(--wp--preset--spacing--60)\">Si va a adaptarse, necesita una agencia para hacer que esto suceda. En Belegantt, dise\u00f1amos soluciones adaptadas a las necesidades de su negocio para que pueda llegar a sus clientes potenciales de la manera m\u00e1s relevante. Con una planificaci\u00f3n adecuada los resultados llegar\u00e1n de manera m\u00e1s r\u00e1pida.<\/p>\n<\/main>\n\n\n\n<main class=\"wp-block-uagb-container uagb-block-e93e67a8\">\n<p style=\"padding-top:0;padding-right:var(--wp--preset--spacing--60);padding-bottom:0;padding-left:var(--wp--preset--spacing--60)\">Nuestras ofertas de Estrategia Digital incluyen:<\/p>\n\n\n\n<ul style=\"padding-top:0;padding-right:var(--wp--preset--spacing--60);padding-bottom:0;padding-left:var(--wp--preset--spacing--60)\" class=\"wp-block-list\">\n<li>Estrategia y Planificaci\u00f3n de Marca<\/li>\n\n\n\n<li>Planificaci\u00f3n de Comunicaciones<\/li>\n\n\n\n<li>Estrategia de Contenido<\/li>\n\n\n\n<li>Desarrollo de la Arquitectura Digital<\/li>\n\n\n\n<li>Desarrollo de Voz de Marca<\/li>\n\n\n\n<li>Estrategia Social<\/li>\n\n\n\n<li>Estrategia en b\u00fasqueda (SEO y PPC)<\/li>\n\n\n\n<li>Estrategia M\u00f3vil<\/li>\n\n\n\n<li>Consultor\u00eda<\/li>\n<\/ul>\n<\/main>\n<\/div><\/div>\n\n\n\n<div style=\"height:100px\" aria-hidden=\"true\" class=\"wp-block-spacer\"><\/div>\n\n\n\n<div class=\"wp-block-uagb-container uagb-block-b7670ad9 alignfull uagb-is-root-container\"><div class=\"uagb-container-inner-blocks-wrap\">\n<div class=\"wp-block-uagb-container uagb-block-8bc44cb6\">\n<div class=\"wp-block-uagb-container uagb-block-e3dbdddb\">\n<div class=\"wp-block-uagb-advanced-heading uagb-block-d51f8c51\"><h2 class=\"uagb-heading-text\">\u00a1Comienza Hoy <br>Tu Proyecto!<\/h2><div class=\"uagb-separator\"><\/div><p class=\"uagb-desc-text\">Tienes Una Idea. Nosotros Te Ayudamos a Realizarla<\/p><\/div>\n<\/div>\n\n\n\n<div class=\"wp-block-uagb-container uagb-block-e4c302c0\">\n<div class=\"wp-block-buttons is-content-justification-center is-layout-flex wp-container-core-buttons-is-layout-a89b3969 wp-block-buttons-is-layout-flex\">\n<div class=\"wp-block-button has-custom-width wp-block-button__width-50 is-style-fill\"><a class=\"wp-block-button__link has-ast-global-color-2-color has-ast-global-color-5-background-color has-text-color has-background wp-element-button\" href=\"https:\/\/belegantt.com\/es\/contacto\/\">ContactANOS<\/a><\/div>\n<\/div>\n\n\n\n<div style=\"height:50px\" aria-hidden=\"true\" class=\"wp-block-spacer\"><\/div>\n<\/div>\n<\/div>\n<\/div><\/div>\n","protected":false},"excerpt":{"rendered":"<p>Servicios ESTRATEGIA DIGITAL \u00bfC\u00f3mo llegar a sus clientes m\u00e1s valiosos de la manera m\u00e1s efectiva? El dise\u00f1o de una estrategia [&hellip;]<\/p>\n","protected":false},"author":2,"featured_media":0,"parent":0,"menu_order":0,"comment_status":"closed","ping_status":"closed","template":"","meta":{"content-type":"","_uag_custom_page_level_css":"","site-sidebar-layout":"default","site-content-layout":"","ast-site-content-layout":"default","site-content-style":"default","site-sidebar-style":"default","ast-global-header-display":"","ast-banner-title-visibility":"","ast-main-header-display":"","ast-hfb-above-header-display":"","ast-hfb-below-header-display":"","ast-hfb-mobile-header-display":"","site-post-title":"disabled","ast-breadcrumbs-content":"","ast-featured-img":"","footer-sml-layout":"","ast-disable-related-posts":"","theme-transparent-header-meta":"","adv-header-id-meta":"","stick-header-meta":"","header-above-stick-meta":"","header-main-stick-meta":"","header-below-stick-meta":"","astra-migrate-meta-layouts":"set","ast-page-background-enabled":"default","ast-page-background-meta":{"desktop":{"background-color":"var(--ast-global-color-4)","background-image":"","background-repeat":"repeat","background-position":"center center","background-size":"auto","background-attachment":"scroll","background-type":"","background-media":"","overlay-type":"","overlay-color":"","overlay-opacity":"","overlay-gradient":""},"tablet":{"background-color":"","background-image":"","background-repeat":"repeat","background-position":"center center","background-size":"auto","background-attachment":"scroll","background-type":"","background-media":"","overlay-type":"","overlay-color":"","overlay-opacity":"","overlay-gradient":""},"mobile":{"background-color":"","background-image":"","background-repeat":"repeat","background-position":"center center","background-size":"auto","background-attachment":"scroll","background-type":"","background-media":"","overlay-type":"","overlay-color":"","overlay-opacity":"","overlay-gradient":""}},"ast-content-background-meta":{"desktop":{"background-color":"var(--ast-global-color-5)","background-image":"","background-repeat":"repeat","background-position":"center center","background-size":"auto","background-attachment":"scroll","background-type":"","background-media":"","overlay-type":"","overlay-color":"","overlay-opacity":"","overlay-gradient":""},"tablet":{"background-color":"var(--ast-global-color-5)","background-image":"","background-repeat":"repeat","background-position":"center center","background-size":"auto","background-attachment":"scroll","background-type":"","background-media":"","overlay-type":"","overlay-color":"","overlay-opacity":"","overlay-gradient":""},"mobile":{"background-color":"var(--ast-global-color-5)","background-image":"","background-repeat":"repeat","background-position":"center center","background-size":"auto","background-attachment":"scroll","background-type":"","background-media":"","overlay-type":"","overlay-color":"","overlay-opacity":"","overlay-gradient":""}},"footnotes":""},"class_list":["post-3697","page","type-page","status-publish","hentry"],"yoast_head":"<!-- This site is optimized with the Yoast SEO plugin v27.3 - https:\/\/yoast.com\/product\/yoast-seo-wordpress\/ -->\n<title>Estrategia Digital - Belegantt. Web Design &amp; Digital Marketing<\/title>\n<meta name=\"robots\" content=\"index, follow, max-snippet:-1, max-image-preview:large, max-video-preview:-1\" \/>\n<link rel=\"canonical\" href=\"https:\/\/belegantt.com\/es\/estrategia-digital\/\" \/>\n<meta property=\"og:locale\" content=\"es_ES\" \/>\n<meta property=\"og:type\" content=\"article\" \/>\n<meta property=\"og:title\" content=\"Estrategia Digital - Belegantt. Web Design &amp; Digital Marketing\" \/>\n<meta property=\"og:description\" content=\"Servicios ESTRATEGIA DIGITAL \u00bfC\u00f3mo llegar a sus clientes m\u00e1s valiosos de la manera m\u00e1s efectiva? El dise\u00f1o de una estrategia [&hellip;]\" \/>\n<meta property=\"og:url\" content=\"https:\/\/belegantt.com\/es\/estrategia-digital\/\" \/>\n<meta property=\"og:site_name\" content=\"Belegantt. Web Design &amp; Digital Marketing\" \/>\n<meta property=\"article:publisher\" content=\"https:\/\/facebook.com\/Belegantt\" \/>\n<meta property=\"article:modified_time\" content=\"2024-10-15T15:17:05+00:00\" \/>\n<meta name=\"twitter:card\" content=\"summary_large_image\" \/>\n<meta name=\"twitter:site\" content=\"@Belegantt_com\" \/>\n<meta name=\"twitter:label1\" content=\"Tiempo de lectura\" \/>\n\t<meta name=\"twitter:data1\" content=\"1 minuto\" \/>\n<script type=\"application\/ld+json\" class=\"yoast-schema-graph\">{\"@context\":\"https:\\\/\\\/schema.org\",\"@graph\":[{\"@type\":\"WebPage\",\"@id\":\"https:\\\/\\\/belegantt.com\\\/es\\\/estrategia-digital\\\/\",\"url\":\"https:\\\/\\\/belegantt.com\\\/es\\\/estrategia-digital\\\/\",\"name\":\"Estrategia Digital - Belegantt. Web Design &amp; Digital Marketing\",\"isPartOf\":{\"@id\":\"https:\\\/\\\/belegantt.com\\\/#website\"},\"datePublished\":\"2023-03-29T15:10:33+00:00\",\"dateModified\":\"2024-10-15T15:17:05+00:00\",\"breadcrumb\":{\"@id\":\"https:\\\/\\\/belegantt.com\\\/es\\\/estrategia-digital\\\/#breadcrumb\"},\"inLanguage\":\"es\",\"potentialAction\":[{\"@type\":\"ReadAction\",\"target\":[\"https:\\\/\\\/belegantt.com\\\/es\\\/estrategia-digital\\\/\"]}]},{\"@type\":\"BreadcrumbList\",\"@id\":\"https:\\\/\\\/belegantt.com\\\/es\\\/estrategia-digital\\\/#breadcrumb\",\"itemListElement\":[{\"@type\":\"ListItem\",\"position\":1,\"name\":\"Home\",\"item\":\"https:\\\/\\\/belegantt.com\\\/es\\\/\"},{\"@type\":\"ListItem\",\"position\":2,\"name\":\"Estrategia Digital\"}]},{\"@type\":\"WebSite\",\"@id\":\"https:\\\/\\\/belegantt.com\\\/#website\",\"url\":\"https:\\\/\\\/belegantt.com\\\/\",\"name\":\"Belegantt. Web Design, Digital Marketing, B2B, E-Commerce | Miami-Valencia\",\"description\":\"Belegantt provides web design and digital marketing to power demand generation and consistently get clients\",\"publisher\":{\"@id\":\"https:\\\/\\\/belegantt.com\\\/#organization\"},\"alternateName\":\"Web Design, Digital Marketing, B2B, E-Commerce | Miami-Valencia\",\"potentialAction\":[{\"@type\":\"SearchAction\",\"target\":{\"@type\":\"EntryPoint\",\"urlTemplate\":\"https:\\\/\\\/belegantt.com\\\/?s={search_term_string}\"},\"query-input\":{\"@type\":\"PropertyValueSpecification\",\"valueRequired\":true,\"valueName\":\"search_term_string\"}}],\"inLanguage\":\"es\"},{\"@type\":\"Organization\",\"@id\":\"https:\\\/\\\/belegantt.com\\\/#organization\",\"name\":\"Belegantt Llc\",\"alternateName\":\"Web Design, Digital Marketing, B2B, E-Commerce\",\"url\":\"https:\\\/\\\/belegantt.com\\\/\",\"logo\":{\"@type\":\"ImageObject\",\"inLanguage\":\"es\",\"@id\":\"https:\\\/\\\/belegantt.com\\\/#\\\/schema\\\/logo\\\/image\\\/\",\"url\":\"https:\\\/\\\/belegantt.com\\\/wp-content\\\/uploads\\\/2025\\\/12\\\/icon.jpg\",\"contentUrl\":\"https:\\\/\\\/belegantt.com\\\/wp-content\\\/uploads\\\/2025\\\/12\\\/icon.jpg\",\"width\":577,\"height\":577,\"caption\":\"Belegantt Llc\"},\"image\":{\"@id\":\"https:\\\/\\\/belegantt.com\\\/#\\\/schema\\\/logo\\\/image\\\/\"},\"sameAs\":[\"https:\\\/\\\/facebook.com\\\/Belegantt\",\"https:\\\/\\\/x.com\\\/Belegantt_com\",\"https:\\\/\\\/www.linkedin.com\\\/company\\\/belegantt\\\/\",\"https:\\\/\\\/www.youtube.com\\\/@Belegantt\"]}]}<\/script>\n<!-- \/ Yoast SEO plugin. -->","yoast_head_json":{"title":"Estrategia Digital - Belegantt. Web Design &amp; Digital Marketing","robots":{"index":"index","follow":"follow","max-snippet":"max-snippet:-1","max-image-preview":"max-image-preview:large","max-video-preview":"max-video-preview:-1"},"canonical":"https:\/\/belegantt.com\/es\/estrategia-digital\/","og_locale":"es_ES","og_type":"article","og_title":"Estrategia Digital - Belegantt. Web Design &amp; Digital Marketing","og_description":"Servicios ESTRATEGIA DIGITAL \u00bfC\u00f3mo llegar a sus clientes m\u00e1s valiosos de la manera m\u00e1s efectiva? El dise\u00f1o de una estrategia [&hellip;]","og_url":"https:\/\/belegantt.com\/es\/estrategia-digital\/","og_site_name":"Belegantt. Web Design &amp; Digital Marketing","article_publisher":"https:\/\/facebook.com\/Belegantt","article_modified_time":"2024-10-15T15:17:05+00:00","twitter_card":"summary_large_image","twitter_site":"@Belegantt_com","twitter_misc":{"Tiempo de lectura":"1 minuto"},"schema":{"@context":"https:\/\/schema.org","@graph":[{"@type":"WebPage","@id":"https:\/\/belegantt.com\/es\/estrategia-digital\/","url":"https:\/\/belegantt.com\/es\/estrategia-digital\/","name":"Estrategia Digital - Belegantt. Web Design &amp; Digital Marketing","isPartOf":{"@id":"https:\/\/belegantt.com\/#website"},"datePublished":"2023-03-29T15:10:33+00:00","dateModified":"2024-10-15T15:17:05+00:00","breadcrumb":{"@id":"https:\/\/belegantt.com\/es\/estrategia-digital\/#breadcrumb"},"inLanguage":"es","potentialAction":[{"@type":"ReadAction","target":["https:\/\/belegantt.com\/es\/estrategia-digital\/"]}]},{"@type":"BreadcrumbList","@id":"https:\/\/belegantt.com\/es\/estrategia-digital\/#breadcrumb","itemListElement":[{"@type":"ListItem","position":1,"name":"Home","item":"https:\/\/belegantt.com\/es\/"},{"@type":"ListItem","position":2,"name":"Estrategia Digital"}]},{"@type":"WebSite","@id":"https:\/\/belegantt.com\/#website","url":"https:\/\/belegantt.com\/","name":"Belegantt. Web Design, Digital Marketing, B2B, E-Commerce | Miami-Valencia","description":"Belegantt provides web design and digital marketing to power demand generation and consistently get clients","publisher":{"@id":"https:\/\/belegantt.com\/#organization"},"alternateName":"Web Design, Digital Marketing, B2B, E-Commerce | Miami-Valencia","potentialAction":[{"@type":"SearchAction","target":{"@type":"EntryPoint","urlTemplate":"https:\/\/belegantt.com\/?s={search_term_string}"},"query-input":{"@type":"PropertyValueSpecification","valueRequired":true,"valueName":"search_term_string"}}],"inLanguage":"es"},{"@type":"Organization","@id":"https:\/\/belegantt.com\/#organization","name":"Belegantt Llc","alternateName":"Web Design, Digital Marketing, B2B, E-Commerce","url":"https:\/\/belegantt.com\/","logo":{"@type":"ImageObject","inLanguage":"es","@id":"https:\/\/belegantt.com\/#\/schema\/logo\/image\/","url":"https:\/\/belegantt.com\/wp-content\/uploads\/2025\/12\/icon.jpg","contentUrl":"https:\/\/belegantt.com\/wp-content\/uploads\/2025\/12\/icon.jpg","width":577,"height":577,"caption":"Belegantt Llc"},"image":{"@id":"https:\/\/belegantt.com\/#\/schema\/logo\/image\/"},"sameAs":["https:\/\/facebook.com\/Belegantt","https:\/\/x.com\/Belegantt_com","https:\/\/www.linkedin.com\/company\/belegantt\/","https:\/\/www.youtube.com\/@Belegantt"]}]}},"uagb_featured_image_src":{"full":false,"thumbnail":false,"medium":false,"medium_large":false,"large":false,"1536x1536":false,"2048x2048":false,"mailpoet_newsletter_max":false},"uagb_author_info":{"display_name":"Lena I\u00f1urrieta","author_link":"https:\/\/belegantt.com\/es\/author\/belegantt-agency\/"},"uagb_comment_info":0,"uagb_excerpt":"Servicios ESTRATEGIA DIGITAL \u00bfC\u00f3mo llegar a sus clientes m\u00e1s valiosos de la manera m\u00e1s efectiva? El dise\u00f1o de una estrategia [&hellip;]","_links":{"self":[{"href":"https:\/\/belegantt.com\/es\/wp-json\/wp\/v2\/pages\/3697","targetHints":{"allow":["GET"]}}],"collection":[{"href":"https:\/\/belegantt.com\/es\/wp-json\/wp\/v2\/pages"}],"about":[{"href":"https:\/\/belegantt.com\/es\/wp-json\/wp\/v2\/types\/page"}],"author":[{"embeddable":true,"href":"https:\/\/belegantt.com\/es\/wp-json\/wp\/v2\/users\/2"}],"replies":[{"embeddable":true,"href":"https:\/\/belegantt.com\/es\/wp-json\/wp\/v2\/comments?post=3697"}],"version-history":[{"count":32,"href":"https:\/\/belegantt.com\/es\/wp-json\/wp\/v2\/pages\/3697\/revisions"}],"predecessor-version":[{"id":6924,"href":"https:\/\/belegantt.com\/es\/wp-json\/wp\/v2\/pages\/3697\/revisions\/6924"}],"wp:attachment":[{"href":"https:\/\/belegantt.com\/es\/wp-json\/wp\/v2\/media?parent=3697"}],"curies":[{"name":"wp","href":"https:\/\/api.w.org\/{rel}","templated":true}]}}