{"id":3701,"date":"2023-03-29T16:15:29","date_gmt":"2023-03-29T16:15:29","guid":{"rendered":"http:\/\/beleganttnewwebsite.local\/?page_id=3701"},"modified":"2024-10-15T15:16:55","modified_gmt":"2024-10-15T15:16:55","slug":"seo","status":"publish","type":"page","link":"https:\/\/belegantt.com\/es\/seo\/","title":{"rendered":"SEO"},"content":{"rendered":"\n<div class=\"wp-block-uagb-container uagb-block-0b352177 alignfull uagb-is-root-container\"><div class=\"uagb-container-inner-blocks-wrap\">\n<div class=\"wp-block-uagb-container uagb-block-4181a054\">\n<div class=\"wp-block-uagb-advanced-heading uagb-block-566d136b\"><p class=\"uagb-desc-text\">Servicios<\/p><div class=\"uagb-separator\"><\/div><h2 class=\"uagb-heading-text\">SEO <\/h2><\/div>\n<\/div>\n<\/div><\/div>\n\n\n\n<div style=\"height:100px\" aria-hidden=\"true\" class=\"wp-block-spacer\"><\/div>\n\n\n\n<div class=\"wp-block-uagb-container uagb-block-5eec7ed6 alignfull uagb-is-root-container\"><div class=\"uagb-container-inner-blocks-wrap\">\n<div class=\"wp-block-uagb-advanced-heading uagb-block-46549603\"><h2 class=\"uagb-heading-text\">\u00bfQuieres que tu negocio o marca sea m\u00e1s visible en los motores de b\u00fasqueda?<\/h2><div class=\"uagb-separator\"><\/div><\/div>\n<\/div><\/div>\n\n\n\n<div style=\"height:50px\" aria-hidden=\"true\" class=\"wp-block-spacer\"><\/div>\n\n\n\n<div class=\"wp-block-uagb-container uagb-block-686f8fd4 alignfull uagb-is-root-container\"><div class=\"uagb-container-inner-blocks-wrap\">\n<main class=\"wp-block-uagb-container uagb-block-3c831d72\">\n<p style=\"padding-top:0;padding-right:var(--wp--preset--spacing--60);padding-bottom:0;padding-left:var(--wp--preset--spacing--60)\">Ir m\u00e1s all\u00e1 del presente, adaptarse, evolucionar. Permite que tus clientes te encuentren al buscar servicios en Internet de la misma manera que encuentran su negocio a nivel de calle. Cuando abriste tu negocio, probablemente eligiste una calle concurrida para ser visible. En el mundo online, las calles m\u00e1s transitadas son las de los motores de b\u00fasqueda; necesitas posicionar tu sitio web entre los primeros resultados de los motores de b\u00fasqueda de modo que la gente pueda verte. Tanto si buscan tu empresa como una marca espec\u00edfica, vale la pena ser el primero.<\/p>\n<\/main>\n\n\n\n<main class=\"wp-block-uagb-container uagb-block-ec29488a\">\n<p style=\"padding-top:0;padding-right:var(--wp--preset--spacing--60);padding-bottom:0;padding-left:var(--wp--preset--spacing--60)\">Ayudamos a que tu negocio sea visible all\u00ed donde los consumidores buscan optimizando el posicionamiento en motores de b\u00fasqueda (SEO). Cada canal es una oportunidad porque en cada uno de ellos siempre hay alguien que necesita lo que tu empresa ofrece.<br><br>Nuestras ofertas de marketing de b\u00fasqueda incluyen:<br>SEO<br>SEO B\u00e1sico<br>SEO Local<br>Contenido para SEO<br>Link Building<\/p>\n<\/main>\n<\/div><\/div>\n\n\n\n<div style=\"height:100px\" aria-hidden=\"true\" class=\"wp-block-spacer\"><\/div>\n\n\n\n<div class=\"wp-block-uagb-container uagb-block-a4c02e1e alignfull uagb-is-root-container\"><div class=\"uagb-container-inner-blocks-wrap\">\n<div class=\"wp-block-uagb-container uagb-block-d0237bc2\">\n<div class=\"wp-block-uagb-container uagb-block-7ea13dd5\">\n<div class=\"wp-block-uagb-advanced-heading uagb-block-1b769c7d\"><h2 class=\"uagb-heading-text\">\u00a1Comienza Hoy <br>Tu Proyecto!<\/h2><div class=\"uagb-separator\"><\/div><p class=\"uagb-desc-text\">Tienes Una Idea. Nosotros Te Ayudamos a Realizarla<\/p><\/div>\n<\/div>\n\n\n\n<div class=\"wp-block-uagb-container uagb-block-56afcc63\">\n<div class=\"wp-block-buttons is-content-justification-center is-layout-flex wp-container-core-buttons-is-layout-a89b3969 wp-block-buttons-is-layout-flex\">\n<div class=\"wp-block-button has-custom-width wp-block-button__width-50 is-style-fill\"><a class=\"wp-block-button__link has-ast-global-color-2-color has-ast-global-color-5-background-color has-text-color has-background wp-element-button\" href=\"https:\/\/belegantt.com\/es\/contacto\/\"><strong>ContactANOS<\/strong><\/a><\/div>\n<\/div>\n\n\n\n<div style=\"height:50px\" aria-hidden=\"true\" class=\"wp-block-spacer\"><\/div>\n<\/div>\n<\/div>\n<\/div><\/div>\n","protected":false},"excerpt":{"rendered":"<p>Servicios SEO \u00bfQuieres que tu negocio o marca sea m\u00e1s visible en los motores de b\u00fasqueda? Ir m\u00e1s all\u00e1 del [&hellip;]<\/p>\n","protected":false},"author":2,"featured_media":0,"parent":0,"menu_order":0,"comment_status":"closed","ping_status":"closed","template":"","meta":{"content-type":"","_uag_custom_page_level_css":"","site-sidebar-layout":"default","site-content-layout":"","ast-site-content-layout":"default","site-content-style":"default","site-sidebar-style":"default","ast-global-header-display":"","ast-banner-title-visibility":"","ast-main-header-display":"","ast-hfb-above-header-display":"","ast-hfb-below-header-display":"","ast-hfb-mobile-header-display":"","site-post-title":"disabled","ast-breadcrumbs-content":"","ast-featured-img":"","footer-sml-layout":"","ast-disable-related-posts":"","theme-transparent-header-meta":"","adv-header-id-meta":"","stick-header-meta":"","header-above-stick-meta":"","header-main-stick-meta":"","header-below-stick-meta":"","astra-migrate-meta-layouts":"set","ast-page-background-enabled":"default","ast-page-background-meta":{"desktop":{"background-color":"var(--ast-global-color-4)","background-image":"","background-repeat":"repeat","background-position":"center center","background-size":"auto","background-attachment":"scroll","background-type":"","background-media":"","overlay-type":"","overlay-color":"","overlay-opacity":"","overlay-gradient":""},"tablet":{"background-color":"","background-image":"","background-repeat":"repeat","background-position":"center center","background-size":"auto","background-attachment":"scroll","background-type":"","background-media":"","overlay-type":"","overlay-color":"","overlay-opacity":"","overlay-gradient":""},"mobile":{"background-color":"","background-image":"","background-repeat":"repeat","background-position":"center center","background-size":"auto","background-attachment":"scroll","background-type":"","background-media":"","overlay-type":"","overlay-color":"","overlay-opacity":"","overlay-gradient":""}},"ast-content-background-meta":{"desktop":{"background-color":"var(--ast-global-color-5)","background-image":"","background-repeat":"repeat","background-position":"center center","background-size":"auto","background-attachment":"scroll","background-type":"","background-media":"","overlay-type":"","overlay-color":"","overlay-opacity":"","overlay-gradient":""},"tablet":{"background-color":"var(--ast-global-color-5)","background-image":"","background-repeat":"repeat","background-position":"center center","background-size":"auto","background-attachment":"scroll","background-type":"","background-media":"","overlay-type":"","overlay-color":"","overlay-opacity":"","overlay-gradient":""},"mobile":{"background-color":"var(--ast-global-color-5)","background-image":"","background-repeat":"repeat","background-position":"center center","background-size":"auto","background-attachment":"scroll","background-type":"","background-media":"","overlay-type":"","overlay-color":"","overlay-opacity":"","overlay-gradient":""}},"footnotes":""},"class_list":["post-3701","page","type-page","status-publish","hentry"],"yoast_head":"<!-- This site is optimized with the Yoast SEO plugin v27.4 - https:\/\/yoast.com\/product\/yoast-seo-wordpress\/ -->\n<title>SEO - Belegantt. Web Design &amp; Digital Marketing<\/title>\n<meta name=\"robots\" content=\"index, follow, max-snippet:-1, max-image-preview:large, max-video-preview:-1\" \/>\n<link rel=\"canonical\" href=\"https:\/\/belegantt.com\/es\/seo\/\" \/>\n<meta property=\"og:locale\" content=\"es_ES\" \/>\n<meta property=\"og:type\" content=\"article\" \/>\n<meta property=\"og:title\" content=\"SEO - Belegantt. Web Design &amp; Digital Marketing\" \/>\n<meta property=\"og:description\" content=\"Servicios SEO \u00bfQuieres que tu negocio o marca sea m\u00e1s visible en los motores de b\u00fasqueda? Ir m\u00e1s all\u00e1 del [&hellip;]\" \/>\n<meta property=\"og:url\" content=\"https:\/\/belegantt.com\/es\/seo\/\" \/>\n<meta property=\"og:site_name\" content=\"Belegantt. Web Design &amp; Digital Marketing\" \/>\n<meta property=\"article:publisher\" content=\"https:\/\/facebook.com\/Belegantt\" \/>\n<meta property=\"article:modified_time\" content=\"2024-10-15T15:16:55+00:00\" \/>\n<meta name=\"twitter:card\" content=\"summary_large_image\" \/>\n<meta name=\"twitter:site\" content=\"@Belegantt_com\" \/>\n<meta name=\"twitter:label1\" content=\"Tiempo de lectura\" \/>\n\t<meta name=\"twitter:data1\" content=\"1 minuto\" \/>\n<script type=\"application\/ld+json\" class=\"yoast-schema-graph\">{\"@context\":\"https:\\\/\\\/schema.org\",\"@graph\":[{\"@type\":\"WebPage\",\"@id\":\"https:\\\/\\\/belegantt.com\\\/es\\\/seo\\\/\",\"url\":\"https:\\\/\\\/belegantt.com\\\/es\\\/seo\\\/\",\"name\":\"SEO - Belegantt. Web Design &amp; Digital Marketing\",\"isPartOf\":{\"@id\":\"https:\\\/\\\/belegantt.com\\\/#website\"},\"datePublished\":\"2023-03-29T16:15:29+00:00\",\"dateModified\":\"2024-10-15T15:16:55+00:00\",\"breadcrumb\":{\"@id\":\"https:\\\/\\\/belegantt.com\\\/es\\\/seo\\\/#breadcrumb\"},\"inLanguage\":\"es\",\"potentialAction\":[{\"@type\":\"ReadAction\",\"target\":[\"https:\\\/\\\/belegantt.com\\\/es\\\/seo\\\/\"]}]},{\"@type\":\"BreadcrumbList\",\"@id\":\"https:\\\/\\\/belegantt.com\\\/es\\\/seo\\\/#breadcrumb\",\"itemListElement\":[{\"@type\":\"ListItem\",\"position\":1,\"name\":\"Home\",\"item\":\"https:\\\/\\\/belegantt.com\\\/es\\\/\"},{\"@type\":\"ListItem\",\"position\":2,\"name\":\"SEO\"}]},{\"@type\":\"WebSite\",\"@id\":\"https:\\\/\\\/belegantt.com\\\/#website\",\"url\":\"https:\\\/\\\/belegantt.com\\\/\",\"name\":\"Belegantt. Web Design, Digital Marketing, B2B, E-Commerce | Miami-Valencia\",\"description\":\"Belegantt provides web design and digital marketing to power demand generation and consistently get clients\",\"publisher\":{\"@id\":\"https:\\\/\\\/belegantt.com\\\/#organization\"},\"alternateName\":\"Web Design, Digital Marketing, B2B, E-Commerce | Miami-Valencia\",\"potentialAction\":[{\"@type\":\"SearchAction\",\"target\":{\"@type\":\"EntryPoint\",\"urlTemplate\":\"https:\\\/\\\/belegantt.com\\\/?s={search_term_string}\"},\"query-input\":{\"@type\":\"PropertyValueSpecification\",\"valueRequired\":true,\"valueName\":\"search_term_string\"}}],\"inLanguage\":\"es\"},{\"@type\":\"Organization\",\"@id\":\"https:\\\/\\\/belegantt.com\\\/#organization\",\"name\":\"Belegantt Llc\",\"alternateName\":\"Web Design, Digital Marketing, B2B, E-Commerce\",\"url\":\"https:\\\/\\\/belegantt.com\\\/\",\"logo\":{\"@type\":\"ImageObject\",\"inLanguage\":\"es\",\"@id\":\"https:\\\/\\\/belegantt.com\\\/#\\\/schema\\\/logo\\\/image\\\/\",\"url\":\"https:\\\/\\\/belegantt.com\\\/wp-content\\\/uploads\\\/2025\\\/12\\\/icon.jpg\",\"contentUrl\":\"https:\\\/\\\/belegantt.com\\\/wp-content\\\/uploads\\\/2025\\\/12\\\/icon.jpg\",\"width\":577,\"height\":577,\"caption\":\"Belegantt Llc\"},\"image\":{\"@id\":\"https:\\\/\\\/belegantt.com\\\/#\\\/schema\\\/logo\\\/image\\\/\"},\"sameAs\":[\"https:\\\/\\\/facebook.com\\\/Belegantt\",\"https:\\\/\\\/x.com\\\/Belegantt_com\",\"https:\\\/\\\/www.linkedin.com\\\/company\\\/belegantt\\\/\",\"https:\\\/\\\/www.youtube.com\\\/@Belegantt\"]}]}<\/script>\n<!-- \/ Yoast SEO plugin. -->","yoast_head_json":{"title":"SEO - Belegantt. Web Design &amp; Digital Marketing","robots":{"index":"index","follow":"follow","max-snippet":"max-snippet:-1","max-image-preview":"max-image-preview:large","max-video-preview":"max-video-preview:-1"},"canonical":"https:\/\/belegantt.com\/es\/seo\/","og_locale":"es_ES","og_type":"article","og_title":"SEO - Belegantt. Web Design &amp; Digital Marketing","og_description":"Servicios SEO \u00bfQuieres que tu negocio o marca sea m\u00e1s visible en los motores de b\u00fasqueda? Ir m\u00e1s all\u00e1 del [&hellip;]","og_url":"https:\/\/belegantt.com\/es\/seo\/","og_site_name":"Belegantt. Web Design &amp; Digital Marketing","article_publisher":"https:\/\/facebook.com\/Belegantt","article_modified_time":"2024-10-15T15:16:55+00:00","twitter_card":"summary_large_image","twitter_site":"@Belegantt_com","twitter_misc":{"Tiempo de lectura":"1 minuto"},"schema":{"@context":"https:\/\/schema.org","@graph":[{"@type":"WebPage","@id":"https:\/\/belegantt.com\/es\/seo\/","url":"https:\/\/belegantt.com\/es\/seo\/","name":"SEO - Belegantt. Web Design &amp; Digital Marketing","isPartOf":{"@id":"https:\/\/belegantt.com\/#website"},"datePublished":"2023-03-29T16:15:29+00:00","dateModified":"2024-10-15T15:16:55+00:00","breadcrumb":{"@id":"https:\/\/belegantt.com\/es\/seo\/#breadcrumb"},"inLanguage":"es","potentialAction":[{"@type":"ReadAction","target":["https:\/\/belegantt.com\/es\/seo\/"]}]},{"@type":"BreadcrumbList","@id":"https:\/\/belegantt.com\/es\/seo\/#breadcrumb","itemListElement":[{"@type":"ListItem","position":1,"name":"Home","item":"https:\/\/belegantt.com\/es\/"},{"@type":"ListItem","position":2,"name":"SEO"}]},{"@type":"WebSite","@id":"https:\/\/belegantt.com\/#website","url":"https:\/\/belegantt.com\/","name":"Belegantt. Web Design, Digital Marketing, B2B, E-Commerce | Miami-Valencia","description":"Belegantt provides web design and digital marketing to power demand generation and consistently get clients","publisher":{"@id":"https:\/\/belegantt.com\/#organization"},"alternateName":"Web Design, Digital Marketing, B2B, E-Commerce | Miami-Valencia","potentialAction":[{"@type":"SearchAction","target":{"@type":"EntryPoint","urlTemplate":"https:\/\/belegantt.com\/?s={search_term_string}"},"query-input":{"@type":"PropertyValueSpecification","valueRequired":true,"valueName":"search_term_string"}}],"inLanguage":"es"},{"@type":"Organization","@id":"https:\/\/belegantt.com\/#organization","name":"Belegantt Llc","alternateName":"Web Design, Digital Marketing, B2B, E-Commerce","url":"https:\/\/belegantt.com\/","logo":{"@type":"ImageObject","inLanguage":"es","@id":"https:\/\/belegantt.com\/#\/schema\/logo\/image\/","url":"https:\/\/belegantt.com\/wp-content\/uploads\/2025\/12\/icon.jpg","contentUrl":"https:\/\/belegantt.com\/wp-content\/uploads\/2025\/12\/icon.jpg","width":577,"height":577,"caption":"Belegantt Llc"},"image":{"@id":"https:\/\/belegantt.com\/#\/schema\/logo\/image\/"},"sameAs":["https:\/\/facebook.com\/Belegantt","https:\/\/x.com\/Belegantt_com","https:\/\/www.linkedin.com\/company\/belegantt\/","https:\/\/www.youtube.com\/@Belegantt"]}]}},"uagb_featured_image_src":{"full":false,"thumbnail":false,"medium":false,"medium_large":false,"large":false,"1536x1536":false,"2048x2048":false,"mailpoet_newsletter_max":false},"uagb_author_info":{"display_name":"Lena I\u00f1urrieta","author_link":"https:\/\/belegantt.com\/es\/author\/belegantt-agency\/"},"uagb_comment_info":0,"uagb_excerpt":"Servicios SEO \u00bfQuieres que tu negocio o marca sea m\u00e1s visible en los motores de b\u00fasqueda? Ir m\u00e1s all\u00e1 del [&hellip;]","_links":{"self":[{"href":"https:\/\/belegantt.com\/es\/wp-json\/wp\/v2\/pages\/3701","targetHints":{"allow":["GET"]}}],"collection":[{"href":"https:\/\/belegantt.com\/es\/wp-json\/wp\/v2\/pages"}],"about":[{"href":"https:\/\/belegantt.com\/es\/wp-json\/wp\/v2\/types\/page"}],"author":[{"embeddable":true,"href":"https:\/\/belegantt.com\/es\/wp-json\/wp\/v2\/users\/2"}],"replies":[{"embeddable":true,"href":"https:\/\/belegantt.com\/es\/wp-json\/wp\/v2\/comments?post=3701"}],"version-history":[{"count":14,"href":"https:\/\/belegantt.com\/es\/wp-json\/wp\/v2\/pages\/3701\/revisions"}],"predecessor-version":[{"id":6923,"href":"https:\/\/belegantt.com\/es\/wp-json\/wp\/v2\/pages\/3701\/revisions\/6923"}],"wp:attachment":[{"href":"https:\/\/belegantt.com\/es\/wp-json\/wp\/v2\/media?parent=3701"}],"curies":[{"name":"wp","href":"https:\/\/api.w.org\/{rel}","templated":true}]}}