{"id":3882,"date":"2023-03-31T15:34:17","date_gmt":"2023-03-31T15:34:17","guid":{"rendered":"http:\/\/beleganttnewwebsite.local\/?page_id=3882"},"modified":"2024-10-15T15:17:13","modified_gmt":"2024-10-15T15:17:13","slug":"diseno-web-ecommerce-2","status":"publish","type":"page","link":"https:\/\/belegantt.com\/es\/diseno-web-ecommerce-2\/","title":{"rendered":"Diseno Web eCommerce"},"content":{"rendered":"\n<div class=\"wp-block-uagb-container uagb-block-973de198 alignfull uagb-is-root-container\"><div class=\"uagb-container-inner-blocks-wrap\">\n<div class=\"wp-block-uagb-container uagb-block-773b3db8\">\n<div class=\"wp-block-uagb-advanced-heading uagb-block-572327a7\"><p class=\"uagb-desc-text\">Servicios<\/p><div class=\"uagb-separator\"><\/div><h2 class=\"uagb-heading-text\">DISE\u00d1O WEB &amp; ECOMMERCE<\/h2><\/div>\n<\/div>\n<\/div><\/div>\n\n\n\n<div style=\"height:100px\" aria-hidden=\"true\" class=\"wp-block-spacer\"><\/div>\n\n\n\n<div class=\"wp-block-uagb-container uagb-block-3504e861 alignfull uagb-is-root-container\"><div class=\"uagb-container-inner-blocks-wrap\">\n<div class=\"wp-block-uagb-advanced-heading uagb-block-a5adaeaf\"><h2 class=\"uagb-heading-text\">\u00bfNecesitas un nuevo sitio web, y\/o tienda en Internet? <\/h2><div class=\"uagb-separator\"><\/div><\/div>\n<\/div><\/div>\n\n\n\n<div style=\"height:50px\" aria-hidden=\"true\" class=\"wp-block-spacer\"><\/div>\n\n\n\n<div class=\"wp-block-uagb-container uagb-block-87b521c2 alignfull uagb-is-root-container\"><div class=\"uagb-container-inner-blocks-wrap\">\n<main class=\"wp-block-uagb-container uagb-block-98a4d115\">\n<p style=\"padding-top:0;padding-right:var(--wp--preset--spacing--60);padding-bottom:0;padding-left:var(--wp--preset--spacing--60)\"><strong>La tecnolog\u00eda es compleja pero esencial<\/strong>. El canal online ya no se puede obviar. Si no est\u00e1s en los canales digitales no est\u00e1s en el mundo tanto en B2C como B2B. Cada d\u00eda m\u00e1s, los clientes exigen ver y analizar la empresa o marca a la que le quieren comprar. Quieren tener m\u00e1s informaci\u00f3n, ver fotos y explicaciones de los productos, comparar calidad, precios y aprender de la experiencia de clientes anteriores. S\u00f3lo est\u00e1n listos para comprar despu\u00e9s de examinar toda esta informaci\u00f3n. Quieren una experiencia perfecta seleccionando el art\u00edculo ideal para sus necesidades.<\/p>\n<\/main>\n\n\n\n<main class=\"wp-block-uagb-container uagb-block-e49c9969\">\n<p style=\"padding-top:0;padding-right:var(--wp--preset--spacing--60);padding-bottom:0;padding-left:var(--wp--preset--spacing--60)\">Desarrollamos su sitio web o tienda en l\u00ednea para que pueda llegar a su clientes. Utilizamos un CMS como WordPress o SaaS como Shopify de manera que una vez que su proyecto est\u00e1 listo, usted tiene control total sobre la gesti\u00f3n del website. <br><br>Si lo prefiere, tambi\u00e9n puede subcontratar estos servicios y nos encargamos de todo como si fu\u00e9ramos un departamento de su empresa. <br><br>Nuestras ofertas de eCommerce y Dise\u00f1o Web incluyen: Soluciones Web (WordPress)Soluciones de comercio electr\u00f3nico (Woo Commerce, Shopify)<\/p>\n<\/main>\n<\/div><\/div>\n\n\n\n<div style=\"height:100px\" aria-hidden=\"true\" class=\"wp-block-spacer\"><\/div>\n\n\n\n<div class=\"wp-block-uagb-container uagb-block-7b333d8c alignfull uagb-is-root-container\"><div class=\"uagb-container-inner-blocks-wrap\">\n<div class=\"wp-block-uagb-container uagb-block-a36a5cac\">\n<div class=\"wp-block-uagb-container uagb-block-6b2957b6\">\n<div class=\"wp-block-uagb-advanced-heading uagb-block-7cbf1554\"><h2 class=\"uagb-heading-text\">\u00a1Comienza Hoy <br>Tu Proyecto!<\/h2><div class=\"uagb-separator\"><\/div><p class=\"uagb-desc-text\">Tienes Una Idea. Nosotros Te Ayudamos a Realizarla<\/p><\/div>\n<\/div>\n\n\n\n<div class=\"wp-block-uagb-container uagb-block-a38d1568\">\n<div class=\"wp-block-buttons is-content-justification-center is-layout-flex wp-container-core-buttons-is-layout-a89b3969 wp-block-buttons-is-layout-flex\">\n<div class=\"wp-block-button has-custom-width wp-block-button__width-50 is-style-fill\"><a class=\"wp-block-button__link has-ast-global-color-2-color has-ast-global-color-5-background-color has-text-color has-background wp-element-button\" href=\"https:\/\/belegantt.com\/es\/contacto\/\">ContactANOS<\/a><\/div>\n<\/div>\n\n\n\n<div style=\"height:50px\" aria-hidden=\"true\" class=\"wp-block-spacer\"><\/div>\n<\/div>\n<\/div>\n<\/div><\/div>\n","protected":false},"excerpt":{"rendered":"<p>Servicios DISE\u00d1O WEB &amp; ECOMMERCE \u00bfNecesitas un nuevo sitio web, y\/o tienda en Internet? La tecnolog\u00eda es compleja pero esencial. [&hellip;]<\/p>\n","protected":false},"author":2,"featured_media":0,"parent":0,"menu_order":0,"comment_status":"closed","ping_status":"closed","template":"","meta":{"content-type":"","_uag_custom_page_level_css":"","site-sidebar-layout":"default","site-content-layout":"","ast-site-content-layout":"default","site-content-style":"default","site-sidebar-style":"default","ast-global-header-display":"","ast-banner-title-visibility":"","ast-main-header-display":"","ast-hfb-above-header-display":"","ast-hfb-below-header-display":"","ast-hfb-mobile-header-display":"","site-post-title":"disabled","ast-breadcrumbs-content":"","ast-featured-img":"","footer-sml-layout":"","ast-disable-related-posts":"","theme-transparent-header-meta":"","adv-header-id-meta":"","stick-header-meta":"","header-above-stick-meta":"","header-main-stick-meta":"","header-below-stick-meta":"","astra-migrate-meta-layouts":"set","ast-page-background-enabled":"default","ast-page-background-meta":{"desktop":{"background-color":"var(--ast-global-color-4)","background-image":"","background-repeat":"repeat","background-position":"center center","background-size":"auto","background-attachment":"scroll","background-type":"","background-media":"","overlay-type":"","overlay-color":"","overlay-opacity":"","overlay-gradient":""},"tablet":{"background-color":"","background-image":"","background-repeat":"repeat","background-position":"center center","background-size":"auto","background-attachment":"scroll","background-type":"","background-media":"","overlay-type":"","overlay-color":"","overlay-opacity":"","overlay-gradient":""},"mobile":{"background-color":"","background-image":"","background-repeat":"repeat","background-position":"center center","background-size":"auto","background-attachment":"scroll","background-type":"","background-media":"","overlay-type":"","overlay-color":"","overlay-opacity":"","overlay-gradient":""}},"ast-content-background-meta":{"desktop":{"background-color":"var(--ast-global-color-5)","background-image":"","background-repeat":"repeat","background-position":"center center","background-size":"auto","background-attachment":"scroll","background-type":"","background-media":"","overlay-type":"","overlay-color":"","overlay-opacity":"","overlay-gradient":""},"tablet":{"background-color":"var(--ast-global-color-5)","background-image":"","background-repeat":"repeat","background-position":"center center","background-size":"auto","background-attachment":"scroll","background-type":"","background-media":"","overlay-type":"","overlay-color":"","overlay-opacity":"","overlay-gradient":""},"mobile":{"background-color":"var(--ast-global-color-5)","background-image":"","background-repeat":"repeat","background-position":"center center","background-size":"auto","background-attachment":"scroll","background-type":"","background-media":"","overlay-type":"","overlay-color":"","overlay-opacity":"","overlay-gradient":""}},"footnotes":""},"class_list":["post-3882","page","type-page","status-publish","hentry"],"yoast_head":"<!-- This site is optimized with the Yoast SEO plugin v27.4 - https:\/\/yoast.com\/product\/yoast-seo-wordpress\/ -->\n<title>Diseno Web eCommerce - Belegantt. Web Design &amp; Digital Marketing<\/title>\n<meta name=\"robots\" content=\"index, follow, max-snippet:-1, max-image-preview:large, max-video-preview:-1\" \/>\n<link rel=\"canonical\" href=\"https:\/\/belegantt.com\/es\/diseno-web-ecommerce-2\/\" \/>\n<meta property=\"og:locale\" content=\"es_ES\" \/>\n<meta property=\"og:type\" content=\"article\" \/>\n<meta property=\"og:title\" content=\"Diseno Web eCommerce - Belegantt. Web Design &amp; Digital Marketing\" \/>\n<meta property=\"og:description\" content=\"Servicios DISE\u00d1O WEB &amp; ECOMMERCE \u00bfNecesitas un nuevo sitio web, y\/o tienda en Internet? La tecnolog\u00eda es compleja pero esencial. [&hellip;]\" \/>\n<meta property=\"og:url\" content=\"https:\/\/belegantt.com\/es\/diseno-web-ecommerce-2\/\" \/>\n<meta property=\"og:site_name\" content=\"Belegantt. Web Design &amp; Digital Marketing\" \/>\n<meta property=\"article:publisher\" content=\"https:\/\/facebook.com\/Belegantt\" \/>\n<meta property=\"article:modified_time\" content=\"2024-10-15T15:17:13+00:00\" \/>\n<meta name=\"twitter:card\" content=\"summary_large_image\" \/>\n<meta name=\"twitter:site\" content=\"@Belegantt_com\" \/>\n<meta name=\"twitter:label1\" content=\"Tiempo de lectura\" \/>\n\t<meta name=\"twitter:data1\" content=\"1 minuto\" \/>\n<script type=\"application\/ld+json\" class=\"yoast-schema-graph\">{\"@context\":\"https:\\\/\\\/schema.org\",\"@graph\":[{\"@type\":\"WebPage\",\"@id\":\"https:\\\/\\\/belegantt.com\\\/es\\\/diseno-web-ecommerce-2\\\/\",\"url\":\"https:\\\/\\\/belegantt.com\\\/es\\\/diseno-web-ecommerce-2\\\/\",\"name\":\"Diseno Web eCommerce - Belegantt. Web Design &amp; Digital Marketing\",\"isPartOf\":{\"@id\":\"https:\\\/\\\/belegantt.com\\\/#website\"},\"datePublished\":\"2023-03-31T15:34:17+00:00\",\"dateModified\":\"2024-10-15T15:17:13+00:00\",\"breadcrumb\":{\"@id\":\"https:\\\/\\\/belegantt.com\\\/es\\\/diseno-web-ecommerce-2\\\/#breadcrumb\"},\"inLanguage\":\"es\",\"potentialAction\":[{\"@type\":\"ReadAction\",\"target\":[\"https:\\\/\\\/belegantt.com\\\/es\\\/diseno-web-ecommerce-2\\\/\"]}]},{\"@type\":\"BreadcrumbList\",\"@id\":\"https:\\\/\\\/belegantt.com\\\/es\\\/diseno-web-ecommerce-2\\\/#breadcrumb\",\"itemListElement\":[{\"@type\":\"ListItem\",\"position\":1,\"name\":\"Home\",\"item\":\"https:\\\/\\\/belegantt.com\\\/es\\\/\"},{\"@type\":\"ListItem\",\"position\":2,\"name\":\"Diseno Web eCommerce\"}]},{\"@type\":\"WebSite\",\"@id\":\"https:\\\/\\\/belegantt.com\\\/#website\",\"url\":\"https:\\\/\\\/belegantt.com\\\/\",\"name\":\"Belegantt. Web Design, Digital Marketing, B2B, E-Commerce | Miami-Valencia\",\"description\":\"Belegantt provides web design and digital marketing to power demand generation and consistently get clients\",\"publisher\":{\"@id\":\"https:\\\/\\\/belegantt.com\\\/#organization\"},\"alternateName\":\"Web Design, Digital Marketing, B2B, E-Commerce | Miami-Valencia\",\"potentialAction\":[{\"@type\":\"SearchAction\",\"target\":{\"@type\":\"EntryPoint\",\"urlTemplate\":\"https:\\\/\\\/belegantt.com\\\/?s={search_term_string}\"},\"query-input\":{\"@type\":\"PropertyValueSpecification\",\"valueRequired\":true,\"valueName\":\"search_term_string\"}}],\"inLanguage\":\"es\"},{\"@type\":\"Organization\",\"@id\":\"https:\\\/\\\/belegantt.com\\\/#organization\",\"name\":\"Belegantt Llc\",\"alternateName\":\"Web Design, Digital Marketing, B2B, E-Commerce\",\"url\":\"https:\\\/\\\/belegantt.com\\\/\",\"logo\":{\"@type\":\"ImageObject\",\"inLanguage\":\"es\",\"@id\":\"https:\\\/\\\/belegantt.com\\\/#\\\/schema\\\/logo\\\/image\\\/\",\"url\":\"https:\\\/\\\/belegantt.com\\\/wp-content\\\/uploads\\\/2025\\\/12\\\/icon.jpg\",\"contentUrl\":\"https:\\\/\\\/belegantt.com\\\/wp-content\\\/uploads\\\/2025\\\/12\\\/icon.jpg\",\"width\":577,\"height\":577,\"caption\":\"Belegantt Llc\"},\"image\":{\"@id\":\"https:\\\/\\\/belegantt.com\\\/#\\\/schema\\\/logo\\\/image\\\/\"},\"sameAs\":[\"https:\\\/\\\/facebook.com\\\/Belegantt\",\"https:\\\/\\\/x.com\\\/Belegantt_com\",\"https:\\\/\\\/www.linkedin.com\\\/company\\\/belegantt\\\/\",\"https:\\\/\\\/www.youtube.com\\\/@Belegantt\"]}]}<\/script>\n<!-- \/ Yoast SEO plugin. -->","yoast_head_json":{"title":"Diseno Web eCommerce - Belegantt. Web Design &amp; Digital Marketing","robots":{"index":"index","follow":"follow","max-snippet":"max-snippet:-1","max-image-preview":"max-image-preview:large","max-video-preview":"max-video-preview:-1"},"canonical":"https:\/\/belegantt.com\/es\/diseno-web-ecommerce-2\/","og_locale":"es_ES","og_type":"article","og_title":"Diseno Web eCommerce - Belegantt. Web Design &amp; Digital Marketing","og_description":"Servicios DISE\u00d1O WEB &amp; ECOMMERCE \u00bfNecesitas un nuevo sitio web, y\/o tienda en Internet? La tecnolog\u00eda es compleja pero esencial. [&hellip;]","og_url":"https:\/\/belegantt.com\/es\/diseno-web-ecommerce-2\/","og_site_name":"Belegantt. Web Design &amp; Digital Marketing","article_publisher":"https:\/\/facebook.com\/Belegantt","article_modified_time":"2024-10-15T15:17:13+00:00","twitter_card":"summary_large_image","twitter_site":"@Belegantt_com","twitter_misc":{"Tiempo de lectura":"1 minuto"},"schema":{"@context":"https:\/\/schema.org","@graph":[{"@type":"WebPage","@id":"https:\/\/belegantt.com\/es\/diseno-web-ecommerce-2\/","url":"https:\/\/belegantt.com\/es\/diseno-web-ecommerce-2\/","name":"Diseno Web eCommerce - Belegantt. Web Design &amp; Digital Marketing","isPartOf":{"@id":"https:\/\/belegantt.com\/#website"},"datePublished":"2023-03-31T15:34:17+00:00","dateModified":"2024-10-15T15:17:13+00:00","breadcrumb":{"@id":"https:\/\/belegantt.com\/es\/diseno-web-ecommerce-2\/#breadcrumb"},"inLanguage":"es","potentialAction":[{"@type":"ReadAction","target":["https:\/\/belegantt.com\/es\/diseno-web-ecommerce-2\/"]}]},{"@type":"BreadcrumbList","@id":"https:\/\/belegantt.com\/es\/diseno-web-ecommerce-2\/#breadcrumb","itemListElement":[{"@type":"ListItem","position":1,"name":"Home","item":"https:\/\/belegantt.com\/es\/"},{"@type":"ListItem","position":2,"name":"Diseno Web eCommerce"}]},{"@type":"WebSite","@id":"https:\/\/belegantt.com\/#website","url":"https:\/\/belegantt.com\/","name":"Belegantt. Web Design, Digital Marketing, B2B, E-Commerce | Miami-Valencia","description":"Belegantt provides web design and digital marketing to power demand generation and consistently get clients","publisher":{"@id":"https:\/\/belegantt.com\/#organization"},"alternateName":"Web Design, Digital Marketing, B2B, E-Commerce | Miami-Valencia","potentialAction":[{"@type":"SearchAction","target":{"@type":"EntryPoint","urlTemplate":"https:\/\/belegantt.com\/?s={search_term_string}"},"query-input":{"@type":"PropertyValueSpecification","valueRequired":true,"valueName":"search_term_string"}}],"inLanguage":"es"},{"@type":"Organization","@id":"https:\/\/belegantt.com\/#organization","name":"Belegantt Llc","alternateName":"Web Design, Digital Marketing, B2B, E-Commerce","url":"https:\/\/belegantt.com\/","logo":{"@type":"ImageObject","inLanguage":"es","@id":"https:\/\/belegantt.com\/#\/schema\/logo\/image\/","url":"https:\/\/belegantt.com\/wp-content\/uploads\/2025\/12\/icon.jpg","contentUrl":"https:\/\/belegantt.com\/wp-content\/uploads\/2025\/12\/icon.jpg","width":577,"height":577,"caption":"Belegantt Llc"},"image":{"@id":"https:\/\/belegantt.com\/#\/schema\/logo\/image\/"},"sameAs":["https:\/\/facebook.com\/Belegantt","https:\/\/x.com\/Belegantt_com","https:\/\/www.linkedin.com\/company\/belegantt\/","https:\/\/www.youtube.com\/@Belegantt"]}]}},"uagb_featured_image_src":{"full":false,"thumbnail":false,"medium":false,"medium_large":false,"large":false,"1536x1536":false,"2048x2048":false,"mailpoet_newsletter_max":false},"uagb_author_info":{"display_name":"Lena I\u00f1urrieta","author_link":"https:\/\/belegantt.com\/es\/author\/belegantt-agency\/"},"uagb_comment_info":0,"uagb_excerpt":"Servicios DISE\u00d1O WEB &amp; ECOMMERCE \u00bfNecesitas un nuevo sitio web, y\/o tienda en Internet? La tecnolog\u00eda es compleja pero esencial. [&hellip;]","_links":{"self":[{"href":"https:\/\/belegantt.com\/es\/wp-json\/wp\/v2\/pages\/3882","targetHints":{"allow":["GET"]}}],"collection":[{"href":"https:\/\/belegantt.com\/es\/wp-json\/wp\/v2\/pages"}],"about":[{"href":"https:\/\/belegantt.com\/es\/wp-json\/wp\/v2\/types\/page"}],"author":[{"embeddable":true,"href":"https:\/\/belegantt.com\/es\/wp-json\/wp\/v2\/users\/2"}],"replies":[{"embeddable":true,"href":"https:\/\/belegantt.com\/es\/wp-json\/wp\/v2\/comments?post=3882"}],"version-history":[{"count":9,"href":"https:\/\/belegantt.com\/es\/wp-json\/wp\/v2\/pages\/3882\/revisions"}],"predecessor-version":[{"id":6925,"href":"https:\/\/belegantt.com\/es\/wp-json\/wp\/v2\/pages\/3882\/revisions\/6925"}],"wp:attachment":[{"href":"https:\/\/belegantt.com\/es\/wp-json\/wp\/v2\/media?parent=3882"}],"curies":[{"name":"wp","href":"https:\/\/api.w.org\/{rel}","templated":true}]}}